{"id":16,"date":"2025-09-18T10:19:32","date_gmt":"2025-09-18T10:19:32","guid":{"rendered":"http:\/\/gabriel-jnior.local\/?page_id=16"},"modified":"2025-09-22T07:13:24","modified_gmt":"2025-09-22T07:13:24","slug":"premiacao-internacional","status":"publish","type":"page","link":"https:\/\/gabrieljunior.com\/en\/premiacao-internacional\/","title":{"rendered":"International Awards"},"content":{"rendered":"<div data-elementor-type=\"wp-page\" data-elementor-id=\"16\" class=\"elementor elementor-16\" data-elementor-post-type=\"page\">\n\t\t\t\t<div class=\"elementor-element elementor-element-d83813e e-con-full e-flex e-con e-parent\" data-id=\"d83813e\" data-element_type=\"container\" data-e-type=\"container\" data-settings=\"{&quot;background_background&quot;:&quot;gradient&quot;}\">\n\t\t<div class=\"elementor-element elementor-element-df844a3 e-con-full e-flex e-con e-child\" data-id=\"df844a3\" data-element_type=\"container\" data-e-type=\"container\">\n\t\t<div class=\"elementor-element elementor-element-5a843b4 e-con-full e-flex e-con e-child\" data-id=\"5a843b4\" data-element_type=\"container\" data-e-type=\"container\">\n\t\t\t\t<div class=\"elementor-element elementor-element-692063d elementor-widget__width-inherit elementor-widget elementor-widget-heading\" data-id=\"692063d\" data-element_type=\"widget\" data-e-type=\"widget\" data-widget_type=\"heading.default\">\n\t\t\t\t\t<h2 class=\"elementor-heading-title elementor-size-default\">International Awards<\/h2>\t\t\t\t<\/div>\n\t\t\t\t<div class=\"elementor-element elementor-element-cf9560b elementor-widget__width-initial elementor-widget-mobile__width-inherit elementor-widget elementor-widget-text-editor\" data-id=\"cf9560b\" data-element_type=\"widget\" data-e-type=\"widget\" data-widget_type=\"text-editor.default\">\n\t\t\t\t\t\t\t\t\t<p>He was born in rural Mozambique, but spent his childhood, adolescence, and youth in the city of Beira. He is the youngest of seven siblings. Today, he is one of the most charismatic figures in Mozambique, one of the most popular and award-winning communicators in Mozambique, and a true mobilizer of the masses.<\/p>\t\t\t\t\t\t\t\t<\/div>\n\t\t\t\t<\/div>\n\t\t<div class=\"elementor-element elementor-element-e31f887 e-con-full e-flex e-con e-child\" data-id=\"e31f887\" data-element_type=\"container\" data-e-type=\"container\">\n\t\t\t\t<div class=\"elementor-element elementor-element-ac1c93c animated-fast elementor-invisible elementor-widget elementor-widget-image\" data-id=\"ac1c93c\" data-element_type=\"widget\" data-e-type=\"widget\" data-settings=\"{&quot;_animation&quot;:&quot;fadeIn&quot;,&quot;_animation_delay&quot;:100}\" data-widget_type=\"image.default\">\n\t\t\t\t\t\t\t\t\t\t\t\t\t\t\t<img fetchpriority=\"high\" decoding=\"async\" width=\"800\" height=\"701\" src=\"https:\/\/gabrieljunior.com\/wp-content\/uploads\/2025\/09\/Group-1-1024x897.png\" class=\"attachment-large size-large wp-image-137\" alt=\"\" srcset=\"https:\/\/gabrieljunior.com\/wp-content\/uploads\/2025\/09\/Group-1-1024x897.png 1024w, https:\/\/gabrieljunior.com\/wp-content\/uploads\/2025\/09\/Group-1-300x263.png 300w, https:\/\/gabrieljunior.com\/wp-content\/uploads\/2025\/09\/Group-1-768x672.png 768w, https:\/\/gabrieljunior.com\/wp-content\/uploads\/2025\/09\/Group-1-1536x1345.png 1536w, https:\/\/gabrieljunior.com\/wp-content\/uploads\/2025\/09\/Group-1.png 1647w\" sizes=\"(max-width: 800px) 100vw, 800px\" \/>\t\t\t\t\t\t\t\t\t\t\t\t\t\t\t<\/div>\n\t\t\t\t<\/div>\n\t\t<div class=\"elementor-element elementor-element-99b7508 e-con-full e-flex e-con e-child\" data-id=\"99b7508\" data-element_type=\"container\" data-e-type=\"container\">\n\t\t\t\t<div class=\"elementor-element elementor-element-e6c4ccf animated-fast elementor-invisible elementor-widget elementor-widget-image\" data-id=\"e6c4ccf\" data-element_type=\"widget\" data-e-type=\"widget\" data-settings=\"{&quot;_animation&quot;:&quot;fadeIn&quot;,&quot;_animation_delay&quot;:200}\" data-widget_type=\"image.default\">\n\t\t\t\t\t\t\t\t\t\t\t\t\t\t\t<img decoding=\"async\" width=\"800\" height=\"800\" src=\"https:\/\/gabrieljunior.com\/wp-content\/uploads\/2025\/09\/cropped-png_20220809_095729_000089-1024x1024.png\" class=\"attachment-large size-large wp-image-377\" alt=\"\" srcset=\"https:\/\/gabrieljunior.com\/wp-content\/uploads\/2025\/09\/cropped-png_20220809_095729_000089-1024x1024.png 1024w, https:\/\/gabrieljunior.com\/wp-content\/uploads\/2025\/09\/cropped-png_20220809_095729_000089-300x300.png 300w, https:\/\/gabrieljunior.com\/wp-content\/uploads\/2025\/09\/cropped-png_20220809_095729_000089-150x150.png 150w, https:\/\/gabrieljunior.com\/wp-content\/uploads\/2025\/09\/cropped-png_20220809_095729_000089-768x768.png 768w, https:\/\/gabrieljunior.com\/wp-content\/uploads\/2025\/09\/cropped-png_20220809_095729_000089-1536x1536.png 1536w, https:\/\/gabrieljunior.com\/wp-content\/uploads\/2025\/09\/cropped-png_20220809_095729_000089.png 2000w\" sizes=\"(max-width: 800px) 100vw, 800px\" \/>\t\t\t\t\t\t\t\t\t\t\t\t\t\t\t<\/div>\n\t\t\t\t<\/div>\n\t\t\t\t<\/div>\n\t\t\t\t<\/div>\n\t\t\t\t<\/div>","protected":false},"excerpt":{"rendered":"<p>He was born in rural Mozambique, but spent his childhood, adolescence, and youth in the city of Beira. He is the youngest of seven siblings. Today, he is one of the most charismatic figures in Mozambique, one of the most popular and award-winning communicators in Mozambique, and a true mobilizer of the masses.<\/p>","protected":false},"author":1,"featured_media":0,"parent":0,"menu_order":0,"comment_status":"closed","ping_status":"closed","template":"elementor_header_footer","meta":{"footnotes":""},"class_list":["post-16","page","type-page","status-publish","hentry"],"yoast_head":"<!-- This site is optimized with the Yoast SEO plugin v27.5 - https:\/\/yoast.com\/product\/yoast-seo-wordpress\/ -->\n<title>Premia\u00e7\u00e3o Internacional - Gabriel J\u00fanior<\/title>\n<meta name=\"robots\" content=\"index, follow, max-snippet:-1, max-image-preview:large, max-video-preview:-1\" \/>\n<link rel=\"canonical\" href=\"https:\/\/gabrieljunior.com\/en\/premiacao-internacional\/\" \/>\n<meta property=\"og:locale\" content=\"en_US\" \/>\n<meta property=\"og:type\" content=\"article\" \/>\n<meta property=\"og:title\" content=\"Premia\u00e7\u00e3o Internacional - Gabriel J\u00fanior\" \/>\n<meta property=\"og:description\" content=\"Nasceu no interior de Mo\u00e7ambique, mas, viveu a sua inf\u00e2ncia, adolesc\u00eancia e juventude na cidade da Beira, \u00e9 dos mais novos, dos sete irm\u00e3os. Nos dias de hoje \u00e9 uma das mais carism\u00e1ticas figuras em Mo\u00e7ambique, dos mais populares e o mais premiado comunicador em Mo\u00e7ambique, um verdadeiro mobilizador de massas\" \/>\n<meta property=\"og:url\" content=\"https:\/\/gabrieljunior.com\/en\/premiacao-internacional\/\" \/>\n<meta property=\"og:site_name\" content=\"Gabriel J\u00fanior\" \/>\n<meta property=\"article:publisher\" content=\"https:\/\/www.facebook.com\/gabriel.junior.100046\/\" \/>\n<meta property=\"article:modified_time\" content=\"2025-09-22T07:13:24+00:00\" \/>\n<meta property=\"og:image\" content=\"https:\/\/gabrieljunior.com\/wp-content\/uploads\/2025\/09\/Group-1-1024x897.png\" \/>\n<meta name=\"twitter:card\" content=\"summary_large_image\" \/>\n<script type=\"application\/ld+json\" class=\"yoast-schema-graph\">{\"@context\":\"https:\\\/\\\/schema.org\",\"@graph\":[{\"@type\":\"WebPage\",\"@id\":\"https:\\\/\\\/gabrieljunior.com\\\/premiacao-internacional\\\/\",\"url\":\"https:\\\/\\\/gabrieljunior.com\\\/premiacao-internacional\\\/\",\"name\":\"Premia\u00e7\u00e3o Internacional - Gabriel J\u00fanior\",\"isPartOf\":{\"@id\":\"https:\\\/\\\/gabrieljunior.com\\\/en\\\/#website\"},\"primaryImageOfPage\":{\"@id\":\"https:\\\/\\\/gabrieljunior.com\\\/premiacao-internacional\\\/#primaryimage\"},\"image\":{\"@id\":\"https:\\\/\\\/gabrieljunior.com\\\/premiacao-internacional\\\/#primaryimage\"},\"thumbnailUrl\":\"https:\\\/\\\/gabrieljunior.com\\\/wp-content\\\/uploads\\\/2025\\\/09\\\/Group-1-1024x897.png\",\"datePublished\":\"2025-09-18T10:19:32+00:00\",\"dateModified\":\"2025-09-22T07:13:24+00:00\",\"breadcrumb\":{\"@id\":\"https:\\\/\\\/gabrieljunior.com\\\/premiacao-internacional\\\/#breadcrumb\"},\"inLanguage\":\"en-US\",\"potentialAction\":[{\"@type\":\"ReadAction\",\"target\":[\"https:\\\/\\\/gabrieljunior.com\\\/premiacao-internacional\\\/\"]}]},{\"@type\":\"ImageObject\",\"inLanguage\":\"en-US\",\"@id\":\"https:\\\/\\\/gabrieljunior.com\\\/premiacao-internacional\\\/#primaryimage\",\"url\":\"https:\\\/\\\/gabrieljunior.com\\\/wp-content\\\/uploads\\\/2025\\\/09\\\/Group-1-1024x897.png\",\"contentUrl\":\"https:\\\/\\\/gabrieljunior.com\\\/wp-content\\\/uploads\\\/2025\\\/09\\\/Group-1-1024x897.png\"},{\"@type\":\"BreadcrumbList\",\"@id\":\"https:\\\/\\\/gabrieljunior.com\\\/premiacao-internacional\\\/#breadcrumb\",\"itemListElement\":[{\"@type\":\"ListItem\",\"position\":1,\"name\":\"In\u00edcio\",\"item\":\"https:\\\/\\\/gabrieljunior.com\\\/\"},{\"@type\":\"ListItem\",\"position\":2,\"name\":\"Premia\u00e7\u00e3o Internacional\"}]},{\"@type\":\"WebSite\",\"@id\":\"https:\\\/\\\/gabrieljunior.com\\\/en\\\/#website\",\"url\":\"https:\\\/\\\/gabrieljunior.com\\\/en\\\/\",\"name\":\"Gabriel J\u00fanior\",\"description\":\"O Filho do Povo\",\"publisher\":{\"@id\":\"https:\\\/\\\/gabrieljunior.com\\\/en\\\/#organization\"},\"potentialAction\":[{\"@type\":\"SearchAction\",\"target\":{\"@type\":\"EntryPoint\",\"urlTemplate\":\"https:\\\/\\\/gabrieljunior.com\\\/en\\\/?s={search_term_string}\"},\"query-input\":{\"@type\":\"PropertyValueSpecification\",\"valueRequired\":true,\"valueName\":\"search_term_string\"}}],\"inLanguage\":\"en-US\"},{\"@type\":\"Organization\",\"@id\":\"https:\\\/\\\/gabrieljunior.com\\\/en\\\/#organization\",\"name\":\"Gabriel J\u00fanior\",\"url\":\"https:\\\/\\\/gabrieljunior.com\\\/en\\\/\",\"logo\":{\"@type\":\"ImageObject\",\"inLanguage\":\"en-US\",\"@id\":\"https:\\\/\\\/gabrieljunior.com\\\/en\\\/#\\\/schema\\\/logo\\\/image\\\/\",\"url\":\"https:\\\/\\\/gabrieljunior.com\\\/wp-content\\\/uploads\\\/2025\\\/09\\\/Background.png\",\"contentUrl\":\"https:\\\/\\\/gabrieljunior.com\\\/wp-content\\\/uploads\\\/2025\\\/09\\\/Background.png\",\"width\":802,\"height\":802,\"caption\":\"Gabriel J\u00fanior\"},\"image\":{\"@id\":\"https:\\\/\\\/gabrieljunior.com\\\/en\\\/#\\\/schema\\\/logo\\\/image\\\/\"},\"sameAs\":[\"https:\\\/\\\/www.facebook.com\\\/gabriel.junior.100046\\\/\",\"https:\\\/\\\/www.instagram.com\\\/gabrieljuniorofficial\\\/?hl=en\"]}]}<\/script>\n<!-- \/ Yoast SEO plugin. -->","yoast_head_json":{"title":"Premia\u00e7\u00e3o Internacional - Gabriel J\u00fanior","robots":{"index":"index","follow":"follow","max-snippet":"max-snippet:-1","max-image-preview":"max-image-preview:large","max-video-preview":"max-video-preview:-1"},"canonical":"https:\/\/gabrieljunior.com\/en\/premiacao-internacional\/","og_locale":"en_US","og_type":"article","og_title":"Premia\u00e7\u00e3o Internacional - Gabriel J\u00fanior","og_description":"Nasceu no interior de Mo\u00e7ambique, mas, viveu a sua inf\u00e2ncia, adolesc\u00eancia e juventude na cidade da Beira, \u00e9 dos mais novos, dos sete irm\u00e3os. Nos dias de hoje \u00e9 uma das mais carism\u00e1ticas figuras em Mo\u00e7ambique, dos mais populares e o mais premiado comunicador em Mo\u00e7ambique, um verdadeiro mobilizador de massas","og_url":"https:\/\/gabrieljunior.com\/en\/premiacao-internacional\/","og_site_name":"Gabriel J\u00fanior","article_publisher":"https:\/\/www.facebook.com\/gabriel.junior.100046\/","article_modified_time":"2025-09-22T07:13:24+00:00","og_image":[{"url":"https:\/\/gabrieljunior.com\/wp-content\/uploads\/2025\/09\/Group-1-1024x897.png","type":"","width":"","height":""}],"twitter_card":"summary_large_image","schema":{"@context":"https:\/\/schema.org","@graph":[{"@type":"WebPage","@id":"https:\/\/gabrieljunior.com\/premiacao-internacional\/","url":"https:\/\/gabrieljunior.com\/premiacao-internacional\/","name":"Premia\u00e7\u00e3o Internacional - Gabriel J\u00fanior","isPartOf":{"@id":"https:\/\/gabrieljunior.com\/en\/#website"},"primaryImageOfPage":{"@id":"https:\/\/gabrieljunior.com\/premiacao-internacional\/#primaryimage"},"image":{"@id":"https:\/\/gabrieljunior.com\/premiacao-internacional\/#primaryimage"},"thumbnailUrl":"https:\/\/gabrieljunior.com\/wp-content\/uploads\/2025\/09\/Group-1-1024x897.png","datePublished":"2025-09-18T10:19:32+00:00","dateModified":"2025-09-22T07:13:24+00:00","breadcrumb":{"@id":"https:\/\/gabrieljunior.com\/premiacao-internacional\/#breadcrumb"},"inLanguage":"en-US","potentialAction":[{"@type":"ReadAction","target":["https:\/\/gabrieljunior.com\/premiacao-internacional\/"]}]},{"@type":"ImageObject","inLanguage":"en-US","@id":"https:\/\/gabrieljunior.com\/premiacao-internacional\/#primaryimage","url":"https:\/\/gabrieljunior.com\/wp-content\/uploads\/2025\/09\/Group-1-1024x897.png","contentUrl":"https:\/\/gabrieljunior.com\/wp-content\/uploads\/2025\/09\/Group-1-1024x897.png"},{"@type":"BreadcrumbList","@id":"https:\/\/gabrieljunior.com\/premiacao-internacional\/#breadcrumb","itemListElement":[{"@type":"ListItem","position":1,"name":"In\u00edcio","item":"https:\/\/gabrieljunior.com\/"},{"@type":"ListItem","position":2,"name":"Premia\u00e7\u00e3o Internacional"}]},{"@type":"WebSite","@id":"https:\/\/gabrieljunior.com\/en\/#website","url":"https:\/\/gabrieljunior.com\/en\/","name":"Gabriel J\u00fanior","description":"O Filho do Povo","publisher":{"@id":"https:\/\/gabrieljunior.com\/en\/#organization"},"potentialAction":[{"@type":"SearchAction","target":{"@type":"EntryPoint","urlTemplate":"https:\/\/gabrieljunior.com\/en\/?s={search_term_string}"},"query-input":{"@type":"PropertyValueSpecification","valueRequired":true,"valueName":"search_term_string"}}],"inLanguage":"en-US"},{"@type":"Organization","@id":"https:\/\/gabrieljunior.com\/en\/#organization","name":"Gabriel J\u00fanior","url":"https:\/\/gabrieljunior.com\/en\/","logo":{"@type":"ImageObject","inLanguage":"en-US","@id":"https:\/\/gabrieljunior.com\/en\/#\/schema\/logo\/image\/","url":"https:\/\/gabrieljunior.com\/wp-content\/uploads\/2025\/09\/Background.png","contentUrl":"https:\/\/gabrieljunior.com\/wp-content\/uploads\/2025\/09\/Background.png","width":802,"height":802,"caption":"Gabriel J\u00fanior"},"image":{"@id":"https:\/\/gabrieljunior.com\/en\/#\/schema\/logo\/image\/"},"sameAs":["https:\/\/www.facebook.com\/gabriel.junior.100046\/","https:\/\/www.instagram.com\/gabrieljuniorofficial\/?hl=en"]}]}},"_hostinger_reach_plugin_has_subscription_block":false,"_hostinger_reach_plugin_is_elementor":false,"_links":{"self":[{"href":"https:\/\/gabrieljunior.com\/en\/wp-json\/wp\/v2\/pages\/16","targetHints":{"allow":["GET"]}}],"collection":[{"href":"https:\/\/gabrieljunior.com\/en\/wp-json\/wp\/v2\/pages"}],"about":[{"href":"https:\/\/gabrieljunior.com\/en\/wp-json\/wp\/v2\/types\/page"}],"author":[{"embeddable":true,"href":"https:\/\/gabrieljunior.com\/en\/wp-json\/wp\/v2\/users\/1"}],"replies":[{"embeddable":true,"href":"https:\/\/gabrieljunior.com\/en\/wp-json\/wp\/v2\/comments?post=16"}],"version-history":[{"count":28,"href":"https:\/\/gabrieljunior.com\/en\/wp-json\/wp\/v2\/pages\/16\/revisions"}],"predecessor-version":[{"id":725,"href":"https:\/\/gabrieljunior.com\/en\/wp-json\/wp\/v2\/pages\/16\/revisions\/725"}],"wp:attachment":[{"href":"https:\/\/gabrieljunior.com\/en\/wp-json\/wp\/v2\/media?parent=16"}],"curies":[{"name":"wp","href":"https:\/\/api.w.org\/{rel}","templated":true}]}}