{"id":1451,"date":"2025-09-24T05:56:03","date_gmt":"2025-09-24T05:56:03","guid":{"rendered":"https:\/\/dev-gabriel-jr.pantheonsite.io\/?page_id=1451"},"modified":"2025-10-06T13:57:00","modified_gmt":"2025-10-06T13:57:00","slug":"palavra-chave-2","status":"publish","type":"page","link":"https:\/\/gabrieljunior.com\/en\/palavra-chave-2\/","title":{"rendered":"Keyword"},"content":{"rendered":"<div data-elementor-type=\"wp-page\" data-elementor-id=\"1451\" class=\"elementor elementor-1451\" data-elementor-post-type=\"page\">\n\t\t\t\t<div class=\"elementor-element elementor-element-2a162d0 e-con-full e-flex e-con e-parent\" data-id=\"2a162d0\" data-element_type=\"container\" data-e-type=\"container\" data-settings=\"{&quot;background_background&quot;:&quot;classic&quot;}\">\n\t\t<div class=\"elementor-element elementor-element-a12fdc0 e-con-full e-flex e-con e-child\" data-id=\"a12fdc0\" data-element_type=\"container\" data-e-type=\"container\" data-settings=\"{&quot;background_background&quot;:&quot;classic&quot;}\">\n\t\t\t\t<\/div>\n\t\t\t\t<\/div>\n\t\t<div class=\"elementor-element elementor-element-312c0b8 e-con-full e-flex e-con e-parent\" data-id=\"312c0b8\" data-element_type=\"container\" data-e-type=\"container\" data-settings=\"{&quot;background_background&quot;:&quot;classic&quot;}\">\n\t\t<div class=\"elementor-element elementor-element-71c25c2 e-flex e-con-boxed e-con e-child\" data-id=\"71c25c2\" data-element_type=\"container\" data-e-type=\"container\">\n\t\t\t\t\t<div class=\"e-con-inner\">\n\t\t\t\t<div class=\"elementor-element elementor-element-2c1606d elementor-widget__width-inherit elementor-hidden-tablet elementor-hidden-mobile elementor-widget-tablet__width-auto elementor-widget-mobile__width-auto elementor-widget elementor-widget-heading\" data-id=\"2c1606d\" data-element_type=\"widget\" data-e-type=\"widget\" data-widget_type=\"heading.default\">\n\t\t\t\t\t<h2 class=\"elementor-heading-title elementor-size-default\">Keyword<\/h2>\t\t\t\t<\/div>\n\t\t\t\t<div class=\"elementor-element elementor-element-d1f98d1 elementor-widget elementor-widget-text-editor\" data-id=\"d1f98d1\" data-element_type=\"widget\" data-e-type=\"widget\" data-widget_type=\"text-editor.default\">\n\t\t\t\t\t\t\t\t\t<p>Here you will find records of initiatives that bring dignity, support, and hope to many families. Because together, we can build a better world.<\/p>\t\t\t\t\t\t\t\t<\/div>\n\t\t<div class=\"elementor-element elementor-element-76c2d8f e-con-full e-flex e-con e-child\" data-id=\"76c2d8f\" data-element_type=\"container\" data-e-type=\"container\">\n\t\t\t\t<div class=\"elementor-element elementor-element-6734c6b elementor-widget__width-initial elementor-widget elementor-widget-video\" data-id=\"6734c6b\" data-element_type=\"widget\" data-e-type=\"widget\" data-settings=\"{&quot;youtube_url&quot;:&quot;https:\\\/\\\/youtu.be\\\/Csj79tMRkU0?si=AxgPutzpqTLMkCDf&quot;,&quot;video_type&quot;:&quot;youtube&quot;,&quot;controls&quot;:&quot;yes&quot;}\" data-widget_type=\"video.default\">\n\t\t\t\t\t\t\t<div class=\"elementor-wrapper elementor-open-inline\">\n\t\t\t<div class=\"elementor-video\"><\/div>\t\t<\/div>\n\t\t\t\t\t\t<\/div>\n\t\t\t\t<div class=\"elementor-element elementor-element-78c2dc7 elementor-widget__width-initial elementor-widget elementor-widget-video\" data-id=\"78c2dc7\" data-element_type=\"widget\" data-e-type=\"widget\" data-settings=\"{&quot;youtube_url&quot;:&quot;https:\\\/\\\/youtu.be\\\/JfiN2uO-Bf4?si=ZejURF3uQUSDoBLW&quot;,&quot;video_type&quot;:&quot;youtube&quot;,&quot;controls&quot;:&quot;yes&quot;}\" data-widget_type=\"video.default\">\n\t\t\t\t\t\t\t<div class=\"elementor-wrapper elementor-open-inline\">\n\t\t\t<div class=\"elementor-video\"><\/div>\t\t<\/div>\n\t\t\t\t\t\t<\/div>\n\t\t\t\t<div class=\"elementor-element elementor-element-fed0ef9 elementor-widget__width-initial elementor-widget elementor-widget-video\" data-id=\"fed0ef9\" data-element_type=\"widget\" data-e-type=\"widget\" data-settings=\"{&quot;youtube_url&quot;:&quot;https:\\\/\\\/youtu.be\\\/XIOYQ0zdZNw?si=AB86bUEjdqrIaXZf&quot;,&quot;video_type&quot;:&quot;youtube&quot;,&quot;controls&quot;:&quot;yes&quot;}\" data-widget_type=\"video.default\">\n\t\t\t\t\t\t\t<div class=\"elementor-wrapper elementor-open-inline\">\n\t\t\t<div class=\"elementor-video\"><\/div>\t\t<\/div>\n\t\t\t\t\t\t<\/div>\n\t\t\t\t<div class=\"elementor-element elementor-element-0173a50 elementor-widget__width-initial elementor-widget elementor-widget-video\" data-id=\"0173a50\" data-element_type=\"widget\" data-e-type=\"widget\" data-settings=\"{&quot;youtube_url&quot;:&quot;https:\\\/\\\/youtu.be\\\/nIRBFm_v41k?si=znq05x2vF5ishePV&quot;,&quot;video_type&quot;:&quot;youtube&quot;,&quot;controls&quot;:&quot;yes&quot;}\" data-widget_type=\"video.default\">\n\t\t\t\t\t\t\t<div class=\"elementor-wrapper elementor-open-inline\">\n\t\t\t<div class=\"elementor-video\"><\/div>\t\t<\/div>\n\t\t\t\t\t\t<\/div>\n\t\t\t\t<div class=\"elementor-element elementor-element-9b95739 elementor-widget__width-initial elementor-widget elementor-widget-video\" data-id=\"9b95739\" data-element_type=\"widget\" data-e-type=\"widget\" data-settings=\"{&quot;youtube_url&quot;:&quot;https:\\\/\\\/youtu.be\\\/Glt7LiihqTs?si=ZeJOL-ImkUoLUo6V&quot;,&quot;video_type&quot;:&quot;youtube&quot;,&quot;controls&quot;:&quot;yes&quot;}\" data-widget_type=\"video.default\">\n\t\t\t\t\t\t\t<div class=\"elementor-wrapper elementor-open-inline\">\n\t\t\t<div class=\"elementor-video\"><\/div>\t\t<\/div>\n\t\t\t\t\t\t<\/div>\n\t\t\t\t<div class=\"elementor-element elementor-element-ccfa719 elementor-widget__width-initial elementor-widget elementor-widget-video\" data-id=\"ccfa719\" data-element_type=\"widget\" data-e-type=\"widget\" data-settings=\"{&quot;youtube_url&quot;:&quot;https:\\\/\\\/youtu.be\\\/qUji5CEdq9A?si=F62HW4h1Q83wVZBi&quot;,&quot;video_type&quot;:&quot;youtube&quot;,&quot;controls&quot;:&quot;yes&quot;}\" data-widget_type=\"video.default\">\n\t\t\t\t\t\t\t<div class=\"elementor-wrapper elementor-open-inline\">\n\t\t\t<div class=\"elementor-video\"><\/div>\t\t<\/div>\n\t\t\t\t\t\t<\/div>\n\t\t\t\t<div class=\"elementor-element elementor-element-d4941a5 elementor-widget__width-initial elementor-widget elementor-widget-video\" data-id=\"d4941a5\" data-element_type=\"widget\" data-e-type=\"widget\" data-settings=\"{&quot;youtube_url&quot;:&quot;https:\\\/\\\/youtu.be\\\/7jWz-oTgbpY?si=J4l9zLhK9vlv7KJx&quot;,&quot;video_type&quot;:&quot;youtube&quot;,&quot;controls&quot;:&quot;yes&quot;}\" data-widget_type=\"video.default\">\n\t\t\t\t\t\t\t<div class=\"elementor-wrapper elementor-open-inline\">\n\t\t\t<div class=\"elementor-video\"><\/div>\t\t<\/div>\n\t\t\t\t\t\t<\/div>\n\t\t\t\t<\/div>\n\t\t\t\t\t<\/div>\n\t\t\t\t<\/div>\n\t\t\t\t<\/div>\n\t\t\t\t<\/div>","protected":false},"excerpt":{"rendered":"<p>Aqui encontra registos de iniciativas que levam dignidade, apoio e esperan\u00e7a a muitas fam\u00edlias. Porque juntos, podemos construir um mundo melhor. https:\/\/youtu.be\/Csj79tMRkU0?si=AxgPutzpqTLMkCDfhttps:\/\/youtu.be\/JfiN2uO-Bf4?si=ZejURF3uQUSDoBLWhttps:\/\/youtu.be\/XIOYQ0zdZNw?si=AB86bUEjdqrIaXZfhttps:\/\/youtu.be\/nIRBFm_v41k?si=znq05x2vF5ishePVhttps:\/\/youtu.be\/Glt7LiihqTs?si=ZeJOL-ImkUoLUo6Vhttps:\/\/youtu.be\/qUji5CEdq9A?si=F62HW4h1Q83wVZBihttps:\/\/youtu.be\/7jWz-oTgbpY?si=J4l9zLhK9vlv7KJx<\/p>","protected":false},"author":1,"featured_media":0,"parent":0,"menu_order":0,"comment_status":"closed","ping_status":"closed","template":"elementor_header_footer","meta":{"footnotes":""},"class_list":["post-1451","page","type-page","status-publish","hentry"],"yoast_head":"<!-- This site is optimized with the Yoast SEO plugin v27.5 - https:\/\/yoast.com\/product\/yoast-seo-wordpress\/ -->\n<title>Palavra-Chave - Gabriel J\u00fanior<\/title>\n<meta name=\"robots\" content=\"index, follow, max-snippet:-1, max-image-preview:large, max-video-preview:-1\" \/>\n<link rel=\"canonical\" href=\"https:\/\/gabrieljunior.com\/en\/palavra-chave-2\/\" \/>\n<meta property=\"og:locale\" content=\"en_US\" \/>\n<meta property=\"og:type\" content=\"article\" \/>\n<meta property=\"og:title\" content=\"Palavra-Chave - Gabriel J\u00fanior\" \/>\n<meta property=\"og:description\" content=\"Aqui encontra registos de iniciativas que levam dignidade, apoio e esperan\u00e7a a muitas fam\u00edlias. Porque juntos, podemos construir um mundo melhor. https:\/\/youtu.be\/Csj79tMRkU0?si=AxgPutzpqTLMkCDfhttps:\/\/youtu.be\/JfiN2uO-Bf4?si=ZejURF3uQUSDoBLWhttps:\/\/youtu.be\/XIOYQ0zdZNw?si=AB86bUEjdqrIaXZfhttps:\/\/youtu.be\/nIRBFm_v41k?si=znq05x2vF5ishePVhttps:\/\/youtu.be\/Glt7LiihqTs?si=ZeJOL-ImkUoLUo6Vhttps:\/\/youtu.be\/qUji5CEdq9A?si=F62HW4h1Q83wVZBihttps:\/\/youtu.be\/7jWz-oTgbpY?si=J4l9zLhK9vlv7KJx\" \/>\n<meta property=\"og:url\" content=\"https:\/\/gabrieljunior.com\/en\/palavra-chave-2\/\" \/>\n<meta property=\"og:site_name\" content=\"Gabriel J\u00fanior\" \/>\n<meta property=\"article:publisher\" content=\"https:\/\/www.facebook.com\/gabriel.junior.100046\/\" \/>\n<meta property=\"article:modified_time\" content=\"2025-10-06T13:57:00+00:00\" \/>\n<meta name=\"twitter:card\" content=\"summary_large_image\" \/>\n<script type=\"application\/ld+json\" class=\"yoast-schema-graph\">{\"@context\":\"https:\\\/\\\/schema.org\",\"@graph\":[{\"@type\":\"WebPage\",\"@id\":\"https:\\\/\\\/gabrieljunior.com\\\/palavra-chave-2\\\/\",\"url\":\"https:\\\/\\\/gabrieljunior.com\\\/palavra-chave-2\\\/\",\"name\":\"Palavra-Chave - Gabriel J\u00fanior\",\"isPartOf\":{\"@id\":\"https:\\\/\\\/gabrieljunior.com\\\/en\\\/#website\"},\"datePublished\":\"2025-09-24T05:56:03+00:00\",\"dateModified\":\"2025-10-06T13:57:00+00:00\",\"breadcrumb\":{\"@id\":\"https:\\\/\\\/gabrieljunior.com\\\/palavra-chave-2\\\/#breadcrumb\"},\"inLanguage\":\"en-US\",\"potentialAction\":[{\"@type\":\"ReadAction\",\"target\":[\"https:\\\/\\\/gabrieljunior.com\\\/palavra-chave-2\\\/\"]}]},{\"@type\":\"BreadcrumbList\",\"@id\":\"https:\\\/\\\/gabrieljunior.com\\\/palavra-chave-2\\\/#breadcrumb\",\"itemListElement\":[{\"@type\":\"ListItem\",\"position\":1,\"name\":\"In\u00edcio\",\"item\":\"https:\\\/\\\/gabrieljunior.com\\\/\"},{\"@type\":\"ListItem\",\"position\":2,\"name\":\"Palavra-Chave\"}]},{\"@type\":\"WebSite\",\"@id\":\"https:\\\/\\\/gabrieljunior.com\\\/en\\\/#website\",\"url\":\"https:\\\/\\\/gabrieljunior.com\\\/en\\\/\",\"name\":\"Gabriel J\u00fanior\",\"description\":\"O Filho do Povo\",\"publisher\":{\"@id\":\"https:\\\/\\\/gabrieljunior.com\\\/en\\\/#organization\"},\"potentialAction\":[{\"@type\":\"SearchAction\",\"target\":{\"@type\":\"EntryPoint\",\"urlTemplate\":\"https:\\\/\\\/gabrieljunior.com\\\/en\\\/?s={search_term_string}\"},\"query-input\":{\"@type\":\"PropertyValueSpecification\",\"valueRequired\":true,\"valueName\":\"search_term_string\"}}],\"inLanguage\":\"en-US\"},{\"@type\":\"Organization\",\"@id\":\"https:\\\/\\\/gabrieljunior.com\\\/en\\\/#organization\",\"name\":\"Gabriel J\u00fanior\",\"url\":\"https:\\\/\\\/gabrieljunior.com\\\/en\\\/\",\"logo\":{\"@type\":\"ImageObject\",\"inLanguage\":\"en-US\",\"@id\":\"https:\\\/\\\/gabrieljunior.com\\\/en\\\/#\\\/schema\\\/logo\\\/image\\\/\",\"url\":\"https:\\\/\\\/gabrieljunior.com\\\/wp-content\\\/uploads\\\/2025\\\/09\\\/Background.png\",\"contentUrl\":\"https:\\\/\\\/gabrieljunior.com\\\/wp-content\\\/uploads\\\/2025\\\/09\\\/Background.png\",\"width\":802,\"height\":802,\"caption\":\"Gabriel J\u00fanior\"},\"image\":{\"@id\":\"https:\\\/\\\/gabrieljunior.com\\\/en\\\/#\\\/schema\\\/logo\\\/image\\\/\"},\"sameAs\":[\"https:\\\/\\\/www.facebook.com\\\/gabriel.junior.100046\\\/\",\"https:\\\/\\\/www.instagram.com\\\/gabrieljuniorofficial\\\/?hl=en\"]}]}<\/script>\n<!-- \/ Yoast SEO plugin. -->","yoast_head_json":{"title":"Palavra-Chave - Gabriel J\u00fanior","robots":{"index":"index","follow":"follow","max-snippet":"max-snippet:-1","max-image-preview":"max-image-preview:large","max-video-preview":"max-video-preview:-1"},"canonical":"https:\/\/gabrieljunior.com\/en\/palavra-chave-2\/","og_locale":"en_US","og_type":"article","og_title":"Palavra-Chave - Gabriel J\u00fanior","og_description":"Aqui encontra registos de iniciativas que levam dignidade, apoio e esperan\u00e7a a muitas fam\u00edlias. Porque juntos, podemos construir um mundo melhor. https:\/\/youtu.be\/Csj79tMRkU0?si=AxgPutzpqTLMkCDfhttps:\/\/youtu.be\/JfiN2uO-Bf4?si=ZejURF3uQUSDoBLWhttps:\/\/youtu.be\/XIOYQ0zdZNw?si=AB86bUEjdqrIaXZfhttps:\/\/youtu.be\/nIRBFm_v41k?si=znq05x2vF5ishePVhttps:\/\/youtu.be\/Glt7LiihqTs?si=ZeJOL-ImkUoLUo6Vhttps:\/\/youtu.be\/qUji5CEdq9A?si=F62HW4h1Q83wVZBihttps:\/\/youtu.be\/7jWz-oTgbpY?si=J4l9zLhK9vlv7KJx","og_url":"https:\/\/gabrieljunior.com\/en\/palavra-chave-2\/","og_site_name":"Gabriel J\u00fanior","article_publisher":"https:\/\/www.facebook.com\/gabriel.junior.100046\/","article_modified_time":"2025-10-06T13:57:00+00:00","twitter_card":"summary_large_image","schema":{"@context":"https:\/\/schema.org","@graph":[{"@type":"WebPage","@id":"https:\/\/gabrieljunior.com\/palavra-chave-2\/","url":"https:\/\/gabrieljunior.com\/palavra-chave-2\/","name":"Palavra-Chave - Gabriel J\u00fanior","isPartOf":{"@id":"https:\/\/gabrieljunior.com\/en\/#website"},"datePublished":"2025-09-24T05:56:03+00:00","dateModified":"2025-10-06T13:57:00+00:00","breadcrumb":{"@id":"https:\/\/gabrieljunior.com\/palavra-chave-2\/#breadcrumb"},"inLanguage":"en-US","potentialAction":[{"@type":"ReadAction","target":["https:\/\/gabrieljunior.com\/palavra-chave-2\/"]}]},{"@type":"BreadcrumbList","@id":"https:\/\/gabrieljunior.com\/palavra-chave-2\/#breadcrumb","itemListElement":[{"@type":"ListItem","position":1,"name":"In\u00edcio","item":"https:\/\/gabrieljunior.com\/"},{"@type":"ListItem","position":2,"name":"Palavra-Chave"}]},{"@type":"WebSite","@id":"https:\/\/gabrieljunior.com\/en\/#website","url":"https:\/\/gabrieljunior.com\/en\/","name":"Gabriel J\u00fanior","description":"O Filho do Povo","publisher":{"@id":"https:\/\/gabrieljunior.com\/en\/#organization"},"potentialAction":[{"@type":"SearchAction","target":{"@type":"EntryPoint","urlTemplate":"https:\/\/gabrieljunior.com\/en\/?s={search_term_string}"},"query-input":{"@type":"PropertyValueSpecification","valueRequired":true,"valueName":"search_term_string"}}],"inLanguage":"en-US"},{"@type":"Organization","@id":"https:\/\/gabrieljunior.com\/en\/#organization","name":"Gabriel J\u00fanior","url":"https:\/\/gabrieljunior.com\/en\/","logo":{"@type":"ImageObject","inLanguage":"en-US","@id":"https:\/\/gabrieljunior.com\/en\/#\/schema\/logo\/image\/","url":"https:\/\/gabrieljunior.com\/wp-content\/uploads\/2025\/09\/Background.png","contentUrl":"https:\/\/gabrieljunior.com\/wp-content\/uploads\/2025\/09\/Background.png","width":802,"height":802,"caption":"Gabriel J\u00fanior"},"image":{"@id":"https:\/\/gabrieljunior.com\/en\/#\/schema\/logo\/image\/"},"sameAs":["https:\/\/www.facebook.com\/gabriel.junior.100046\/","https:\/\/www.instagram.com\/gabrieljuniorofficial\/?hl=en"]}]}},"_hostinger_reach_plugin_has_subscription_block":false,"_hostinger_reach_plugin_is_elementor":false,"_links":{"self":[{"href":"https:\/\/gabrieljunior.com\/en\/wp-json\/wp\/v2\/pages\/1451","targetHints":{"allow":["GET"]}}],"collection":[{"href":"https:\/\/gabrieljunior.com\/en\/wp-json\/wp\/v2\/pages"}],"about":[{"href":"https:\/\/gabrieljunior.com\/en\/wp-json\/wp\/v2\/types\/page"}],"author":[{"embeddable":true,"href":"https:\/\/gabrieljunior.com\/en\/wp-json\/wp\/v2\/users\/1"}],"replies":[{"embeddable":true,"href":"https:\/\/gabrieljunior.com\/en\/wp-json\/wp\/v2\/comments?post=1451"}],"version-history":[{"count":31,"href":"https:\/\/gabrieljunior.com\/en\/wp-json\/wp\/v2\/pages\/1451\/revisions"}],"predecessor-version":[{"id":1772,"href":"https:\/\/gabrieljunior.com\/en\/wp-json\/wp\/v2\/pages\/1451\/revisions\/1772"}],"wp:attachment":[{"href":"https:\/\/gabrieljunior.com\/en\/wp-json\/wp\/v2\/media?parent=1451"}],"curies":[{"name":"wp","href":"https:\/\/api.w.org\/{rel}","templated":true}]}}