{"id":1353,"date":"2025-09-23T13:57:48","date_gmt":"2025-09-23T13:57:48","guid":{"rendered":"https:\/\/dev-gabriel-jr.pantheonsite.io\/?page_id=1353"},"modified":"2025-11-24T06:48:44","modified_gmt":"2025-11-24T06:48:44","slug":"desperto-e-motivaca","status":"publish","type":"page","link":"https:\/\/gabrieljunior.com\/en\/desperto-e-motivaca\/","title":{"rendered":"Sports and Motivation"},"content":{"rendered":"<div data-elementor-type=\"wp-page\" data-elementor-id=\"1353\" class=\"elementor elementor-1353\" data-elementor-post-type=\"page\">\n\t\t\t\t<div class=\"elementor-element elementor-element-459db66 e-con-full e-flex e-con e-parent\" data-id=\"459db66\" data-element_type=\"container\" data-e-type=\"container\" data-settings=\"{&quot;background_background&quot;:&quot;classic&quot;}\">\n\t\t<div class=\"elementor-element elementor-element-156ed61 e-con-full e-flex e-con e-child\" data-id=\"156ed61\" data-element_type=\"container\" data-e-type=\"container\" data-settings=\"{&quot;background_background&quot;:&quot;classic&quot;}\">\n\t\t\t\t<\/div>\n\t\t\t\t<\/div>\n\t\t<div class=\"elementor-element elementor-element-bbf5c76 e-con-full e-flex e-con e-parent\" data-id=\"bbf5c76\" data-element_type=\"container\" data-e-type=\"container\" data-settings=\"{&quot;background_background&quot;:&quot;classic&quot;}\">\n\t\t<div class=\"elementor-element elementor-element-62f6b18 e-flex e-con-boxed e-con e-child\" data-id=\"62f6b18\" data-element_type=\"container\" data-e-type=\"container\">\n\t\t\t\t\t<div class=\"e-con-inner\">\n\t\t\t\t<div class=\"elementor-element elementor-element-4342213 elementor-widget__width-inherit elementor-hidden-tablet elementor-hidden-mobile elementor-widget-tablet__width-auto elementor-widget-mobile__width-auto elementor-widget elementor-widget-heading\" data-id=\"4342213\" data-element_type=\"widget\" data-e-type=\"widget\" data-widget_type=\"heading.default\">\n\t\t\t\t\t<h2 class=\"elementor-heading-title elementor-size-default\">Sports and Motivation<\/h2>\t\t\t\t<\/div>\n\t\t\t\t<div class=\"elementor-element elementor-element-fa5655b elementor-widget elementor-widget-text-editor\" data-id=\"fa5655b\" data-element_type=\"widget\" data-e-type=\"widget\" data-widget_type=\"text-editor.default\">\n\t\t\t\t\t\t\t\t\t<p>Here you will find records of initiatives that bring dignity, support, and hope to many families. Because together, we can build a better world.<\/p>\t\t\t\t\t\t\t\t<\/div>\n\t\t<div class=\"elementor-element elementor-element-472d01f e-con-full e-flex e-con e-child\" data-id=\"472d01f\" data-element_type=\"container\" data-e-type=\"container\">\n\t\t\t\t<div class=\"elementor-element elementor-element-2c8eef2 elementor-align-justify elementor-widget__width-inherit elementor-widget elementor-widget-button\" data-id=\"2c8eef2\" data-element_type=\"widget\" data-e-type=\"widget\" data-widget_type=\"button.default\">\n\t\t\t\t\t\t\t\t\t\t<a class=\"elementor-button elementor-button-link elementor-size-sm\" href=\"https:\/\/gabrieljunior.com\/desperto-e-motivacao-foto\/\">\n\t\t\t\t\t\t<span class=\"elementor-button-content-wrapper\">\n\t\t\t\t\t\t<span class=\"elementor-button-icon\">\n\t\t\t\t<svg aria-hidden=\"true\" class=\"e-font-icon-svg e-fas-image\" viewbox=\"0 0 512 512\" xmlns=\"http:\/\/www.w3.org\/2000\/svg\"><path d=\"M464 448H48c-26.51 0-48-21.49-48-48V112c0-26.51 21.49-48 48-48h416c26.51 0 48 21.49 48 48v288c0 26.51-21.49 48-48 48zM112 120c-30.928 0-56 25.072-56 56s25.072 56 56 56 56-25.072 56-56-25.072-56-56-56zM64 384h384V272l-87.515-87.515c-4.686-4.686-12.284-4.686-16.971 0L208 320l-55.515-55.515c-4.686-4.686-12.284-4.686-16.971 0L64 336v48z\"><\/path><\/svg>\t\t\t<\/span>\n\t\t\t\t\t\t\t\t\t<span class=\"elementor-button-text\">Photos<\/span>\n\t\t\t\t\t<\/span>\n\t\t\t\t\t<\/a>\n\t\t\t\t\t\t\t\t<\/div>\n\t\t\t\t<div class=\"elementor-element elementor-element-b6118bb elementor-align-justify elementor-widget__width-inherit elementor-widget elementor-widget-button\" data-id=\"b6118bb\" data-element_type=\"widget\" data-e-type=\"widget\" data-widget_type=\"button.default\">\n\t\t\t\t\t\t\t\t\t\t<a class=\"elementor-button elementor-button-link elementor-size-sm\" href=\"https:\/\/gabrieljunior.com\/desperto-e-motivacao-video\/\">\n\t\t\t\t\t\t<span class=\"elementor-button-content-wrapper\">\n\t\t\t\t\t\t<span class=\"elementor-button-icon\">\n\t\t\t\t<svg aria-hidden=\"true\" class=\"e-font-icon-svg e-fas-video\" viewbox=\"0 0 576 512\" xmlns=\"http:\/\/www.w3.org\/2000\/svg\"><path d=\"M336.2 64H47.8C21.4 64 0 85.4 0 111.8v288.4C0 426.6 21.4 448 47.8 448h288.4c26.4 0 47.8-21.4 47.8-47.8V111.8c0-26.4-21.4-47.8-47.8-47.8zm189.4 37.7L416 177.3v157.4l109.6 75.5c21.2 14.6 50.4-.3 50.4-25.8V127.5c0-25.4-29.1-40.4-50.4-25.8z\"><\/path><\/svg>\t\t\t<\/span>\n\t\t\t\t\t\t\t\t\t<span class=\"elementor-button-text\">Videos<\/span>\n\t\t\t\t\t<\/span>\n\t\t\t\t\t<\/a>\n\t\t\t\t\t\t\t\t<\/div>\n\t\t\t\t<\/div>\n\t\t\t\t\t<\/div>\n\t\t\t\t<\/div>\n\t\t\t\t<\/div>\n\t\t\t\t<\/div>","protected":false},"excerpt":{"rendered":"<p>Aqui encontra registos de iniciativas que levam dignidade, apoio e esperan\u00e7a a muitas fam\u00edlias. Porque juntos, podemos construir um mundo melhor. Fotos Videos<\/p>","protected":false},"author":1,"featured_media":0,"parent":0,"menu_order":0,"comment_status":"closed","ping_status":"closed","template":"elementor_header_footer","meta":{"footnotes":""},"class_list":["post-1353","page","type-page","status-publish","hentry"],"yoast_head":"<!-- This site is optimized with the Yoast SEO plugin v27.5 - https:\/\/yoast.com\/product\/yoast-seo-wordpress\/ -->\n<title>Desporto e Motiva\u00e7\u00e3o - Gabriel J\u00fanior<\/title>\n<meta name=\"robots\" content=\"index, follow, max-snippet:-1, max-image-preview:large, max-video-preview:-1\" \/>\n<link rel=\"canonical\" href=\"https:\/\/gabrieljunior.com\/en\/desperto-e-motivaca\/\" \/>\n<meta property=\"og:locale\" content=\"en_US\" \/>\n<meta property=\"og:type\" content=\"article\" \/>\n<meta property=\"og:title\" content=\"Desporto e Motiva\u00e7\u00e3o - Gabriel J\u00fanior\" \/>\n<meta property=\"og:description\" content=\"Aqui encontra registos de iniciativas que levam dignidade, apoio e esperan\u00e7a a muitas fam\u00edlias. Porque juntos, podemos construir um mundo melhor. Fotos Videos\" \/>\n<meta property=\"og:url\" content=\"https:\/\/gabrieljunior.com\/en\/desperto-e-motivaca\/\" \/>\n<meta property=\"og:site_name\" content=\"Gabriel J\u00fanior\" \/>\n<meta property=\"article:publisher\" content=\"https:\/\/www.facebook.com\/gabriel.junior.100046\/\" \/>\n<meta property=\"article:modified_time\" content=\"2025-11-24T06:48:44+00:00\" \/>\n<meta name=\"twitter:card\" content=\"summary_large_image\" \/>\n<meta name=\"twitter:label1\" content=\"Est. reading time\" \/>\n\t<meta name=\"twitter:data1\" content=\"1 minute\" \/>\n<script type=\"application\/ld+json\" class=\"yoast-schema-graph\">{\"@context\":\"https:\\\/\\\/schema.org\",\"@graph\":[{\"@type\":\"WebPage\",\"@id\":\"https:\\\/\\\/gabrieljunior.com\\\/desperto-e-motivaca\\\/\",\"url\":\"https:\\\/\\\/gabrieljunior.com\\\/desperto-e-motivaca\\\/\",\"name\":\"Desporto e Motiva\u00e7\u00e3o - Gabriel J\u00fanior\",\"isPartOf\":{\"@id\":\"https:\\\/\\\/gabrieljunior.com\\\/en\\\/#website\"},\"datePublished\":\"2025-09-23T13:57:48+00:00\",\"dateModified\":\"2025-11-24T06:48:44+00:00\",\"breadcrumb\":{\"@id\":\"https:\\\/\\\/gabrieljunior.com\\\/desperto-e-motivaca\\\/#breadcrumb\"},\"inLanguage\":\"en-US\",\"potentialAction\":[{\"@type\":\"ReadAction\",\"target\":[\"https:\\\/\\\/gabrieljunior.com\\\/desperto-e-motivaca\\\/\"]}]},{\"@type\":\"BreadcrumbList\",\"@id\":\"https:\\\/\\\/gabrieljunior.com\\\/desperto-e-motivaca\\\/#breadcrumb\",\"itemListElement\":[{\"@type\":\"ListItem\",\"position\":1,\"name\":\"In\u00edcio\",\"item\":\"https:\\\/\\\/gabrieljunior.com\\\/\"},{\"@type\":\"ListItem\",\"position\":2,\"name\":\"Desporto e Motiva\u00e7\u00e3o\"}]},{\"@type\":\"WebSite\",\"@id\":\"https:\\\/\\\/gabrieljunior.com\\\/en\\\/#website\",\"url\":\"https:\\\/\\\/gabrieljunior.com\\\/en\\\/\",\"name\":\"Gabriel J\u00fanior\",\"description\":\"O Filho do Povo\",\"publisher\":{\"@id\":\"https:\\\/\\\/gabrieljunior.com\\\/en\\\/#organization\"},\"potentialAction\":[{\"@type\":\"SearchAction\",\"target\":{\"@type\":\"EntryPoint\",\"urlTemplate\":\"https:\\\/\\\/gabrieljunior.com\\\/en\\\/?s={search_term_string}\"},\"query-input\":{\"@type\":\"PropertyValueSpecification\",\"valueRequired\":true,\"valueName\":\"search_term_string\"}}],\"inLanguage\":\"en-US\"},{\"@type\":\"Organization\",\"@id\":\"https:\\\/\\\/gabrieljunior.com\\\/en\\\/#organization\",\"name\":\"Gabriel J\u00fanior\",\"url\":\"https:\\\/\\\/gabrieljunior.com\\\/en\\\/\",\"logo\":{\"@type\":\"ImageObject\",\"inLanguage\":\"en-US\",\"@id\":\"https:\\\/\\\/gabrieljunior.com\\\/en\\\/#\\\/schema\\\/logo\\\/image\\\/\",\"url\":\"https:\\\/\\\/gabrieljunior.com\\\/wp-content\\\/uploads\\\/2025\\\/09\\\/Background.png\",\"contentUrl\":\"https:\\\/\\\/gabrieljunior.com\\\/wp-content\\\/uploads\\\/2025\\\/09\\\/Background.png\",\"width\":802,\"height\":802,\"caption\":\"Gabriel J\u00fanior\"},\"image\":{\"@id\":\"https:\\\/\\\/gabrieljunior.com\\\/en\\\/#\\\/schema\\\/logo\\\/image\\\/\"},\"sameAs\":[\"https:\\\/\\\/www.facebook.com\\\/gabriel.junior.100046\\\/\",\"https:\\\/\\\/www.instagram.com\\\/gabrieljuniorofficial\\\/?hl=en\"]}]}<\/script>\n<!-- \/ Yoast SEO plugin. -->","yoast_head_json":{"title":"Desporto e Motiva\u00e7\u00e3o - Gabriel J\u00fanior","robots":{"index":"index","follow":"follow","max-snippet":"max-snippet:-1","max-image-preview":"max-image-preview:large","max-video-preview":"max-video-preview:-1"},"canonical":"https:\/\/gabrieljunior.com\/en\/desperto-e-motivaca\/","og_locale":"en_US","og_type":"article","og_title":"Desporto e Motiva\u00e7\u00e3o - Gabriel J\u00fanior","og_description":"Aqui encontra registos de iniciativas que levam dignidade, apoio e esperan\u00e7a a muitas fam\u00edlias. Porque juntos, podemos construir um mundo melhor. Fotos Videos","og_url":"https:\/\/gabrieljunior.com\/en\/desperto-e-motivaca\/","og_site_name":"Gabriel J\u00fanior","article_publisher":"https:\/\/www.facebook.com\/gabriel.junior.100046\/","article_modified_time":"2025-11-24T06:48:44+00:00","twitter_card":"summary_large_image","twitter_misc":{"Est. reading time":"1 minute"},"schema":{"@context":"https:\/\/schema.org","@graph":[{"@type":"WebPage","@id":"https:\/\/gabrieljunior.com\/desperto-e-motivaca\/","url":"https:\/\/gabrieljunior.com\/desperto-e-motivaca\/","name":"Desporto e Motiva\u00e7\u00e3o - Gabriel J\u00fanior","isPartOf":{"@id":"https:\/\/gabrieljunior.com\/en\/#website"},"datePublished":"2025-09-23T13:57:48+00:00","dateModified":"2025-11-24T06:48:44+00:00","breadcrumb":{"@id":"https:\/\/gabrieljunior.com\/desperto-e-motivaca\/#breadcrumb"},"inLanguage":"en-US","potentialAction":[{"@type":"ReadAction","target":["https:\/\/gabrieljunior.com\/desperto-e-motivaca\/"]}]},{"@type":"BreadcrumbList","@id":"https:\/\/gabrieljunior.com\/desperto-e-motivaca\/#breadcrumb","itemListElement":[{"@type":"ListItem","position":1,"name":"In\u00edcio","item":"https:\/\/gabrieljunior.com\/"},{"@type":"ListItem","position":2,"name":"Desporto e Motiva\u00e7\u00e3o"}]},{"@type":"WebSite","@id":"https:\/\/gabrieljunior.com\/en\/#website","url":"https:\/\/gabrieljunior.com\/en\/","name":"Gabriel J\u00fanior","description":"O Filho do Povo","publisher":{"@id":"https:\/\/gabrieljunior.com\/en\/#organization"},"potentialAction":[{"@type":"SearchAction","target":{"@type":"EntryPoint","urlTemplate":"https:\/\/gabrieljunior.com\/en\/?s={search_term_string}"},"query-input":{"@type":"PropertyValueSpecification","valueRequired":true,"valueName":"search_term_string"}}],"inLanguage":"en-US"},{"@type":"Organization","@id":"https:\/\/gabrieljunior.com\/en\/#organization","name":"Gabriel J\u00fanior","url":"https:\/\/gabrieljunior.com\/en\/","logo":{"@type":"ImageObject","inLanguage":"en-US","@id":"https:\/\/gabrieljunior.com\/en\/#\/schema\/logo\/image\/","url":"https:\/\/gabrieljunior.com\/wp-content\/uploads\/2025\/09\/Background.png","contentUrl":"https:\/\/gabrieljunior.com\/wp-content\/uploads\/2025\/09\/Background.png","width":802,"height":802,"caption":"Gabriel J\u00fanior"},"image":{"@id":"https:\/\/gabrieljunior.com\/en\/#\/schema\/logo\/image\/"},"sameAs":["https:\/\/www.facebook.com\/gabriel.junior.100046\/","https:\/\/www.instagram.com\/gabrieljuniorofficial\/?hl=en"]}]}},"_hostinger_reach_plugin_has_subscription_block":false,"_hostinger_reach_plugin_is_elementor":false,"_links":{"self":[{"href":"https:\/\/gabrieljunior.com\/en\/wp-json\/wp\/v2\/pages\/1353","targetHints":{"allow":["GET"]}}],"collection":[{"href":"https:\/\/gabrieljunior.com\/en\/wp-json\/wp\/v2\/pages"}],"about":[{"href":"https:\/\/gabrieljunior.com\/en\/wp-json\/wp\/v2\/types\/page"}],"author":[{"embeddable":true,"href":"https:\/\/gabrieljunior.com\/en\/wp-json\/wp\/v2\/users\/1"}],"replies":[{"embeddable":true,"href":"https:\/\/gabrieljunior.com\/en\/wp-json\/wp\/v2\/comments?post=1353"}],"version-history":[{"count":8,"href":"https:\/\/gabrieljunior.com\/en\/wp-json\/wp\/v2\/pages\/1353\/revisions"}],"predecessor-version":[{"id":1801,"href":"https:\/\/gabrieljunior.com\/en\/wp-json\/wp\/v2\/pages\/1353\/revisions\/1801"}],"wp:attachment":[{"href":"https:\/\/gabrieljunior.com\/en\/wp-json\/wp\/v2\/media?parent=1353"}],"curies":[{"name":"wp","href":"https:\/\/api.w.org\/{rel}","templated":true}]}}